{"id":146,"date":"2019-08-06T16:46:25","date_gmt":"2019-08-06T16:46:25","guid":{"rendered":"http:\/\/bbtrogalski.pl\/?page_id=146"},"modified":"2019-08-06T17:04:19","modified_gmt":"2019-08-06T17:04:19","slug":"czyste-powietrze","status":"publish","type":"page","link":"https:\/\/bbtrogalski.pl\/?page_id=146","title":{"rendered":"Czyste Powietrze"},"content":{"rendered":"<p>[et_pb_section fb_built=&#8221;1&#8243; fullwidth=&#8221;on&#8221; _builder_version=&#8221;3.17.2&#8243; animation_style=&#8221;flip&#8221;][et_pb_fullwidth_slider admin_label=&#8221;Fullwidth Slider&#8221; _builder_version=&#8221;3.17.2&#8243; header_font=&#8221;||||||||&#8221; parallax=&#8221;on&#8221; box_shadow_style=&#8221;preset6&#8243; box_shadow_blur=&#8221;10px&#8221; box_shadow_color=&#8221;rgba(0,0,0,0.1)&#8221; custom_padding=&#8221;|||&#8221; custom_padding_tablet=&#8221;|||&#8221; custom_padding_phone=&#8221;|||&#8221; show_inner_shadow=&#8221;on&#8221; button_text_size__hover_enabled=&#8221;off&#8221; button_one_text_size__hover_enabled=&#8221;off&#8221; button_two_text_size__hover_enabled=&#8221;off&#8221; button_text_color__hover_enabled=&#8221;off&#8221; button_one_text_color__hover_enabled=&#8221;off&#8221; button_two_text_color__hover_enabled=&#8221;off&#8221; button_border_width__hover_enabled=&#8221;off&#8221; button_one_border_width__hover_enabled=&#8221;off&#8221; button_two_border_width__hover_enabled=&#8221;off&#8221; button_border_color__hover_enabled=&#8221;off&#8221; button_one_border_color__hover_enabled=&#8221;off&#8221; button_two_border_color__hover_enabled=&#8221;off&#8221; button_border_radius__hover_enabled=&#8221;off&#8221; button_one_border_radius__hover_enabled=&#8221;off&#8221; button_two_border_radius__hover_enabled=&#8221;off&#8221; button_letter_spacing__hover_enabled=&#8221;off&#8221; button_one_letter_spacing__hover_enabled=&#8221;off&#8221; button_two_letter_spacing__hover_enabled=&#8221;off&#8221; button_bg_color__hover_enabled=&#8221;off&#8221; button_one_bg_color__hover_enabled=&#8221;off&#8221; button_two_bg_color__hover_enabled=&#8221;off&#8221;][et_pb_slide heading=&#8221; B B T technika grzewcza&#8221; use_bg_overlay=&#8221;on&#8221; _builder_version=&#8221;3.17.2&#8243; header_font=&#8221;||||||||&#8221; header_font_size=&#8221;15px&#8221; header_letter_spacing=&#8221;9px&#8221; background_color=&#8221;#ffffff&#8221; background_image=&#8221;http:\/\/bbtrogalski.pl\/wp-content\/uploads\/2019\/08\/T1.jpg&#8221; background_video_width=&#8221;1920&#8243; background_video_height=&#8221;638&#8243; video_bg_width=&#8221;1920&#8243; video_bg_height=&#8221;638&#8243; button_text_size__hover_enabled=&#8221;off&#8221; button_one_text_size__hover_enabled=&#8221;off&#8221; button_two_text_size__hover_enabled=&#8221;off&#8221; button_text_color__hover_enabled=&#8221;off&#8221; button_one_text_color__hover_enabled=&#8221;off&#8221; button_two_text_color__hover_enabled=&#8221;off&#8221; button_border_width__hover_enabled=&#8221;off&#8221; button_one_border_width__hover_enabled=&#8221;off&#8221; button_two_border_width__hover_enabled=&#8221;off&#8221; button_border_color__hover_enabled=&#8221;off&#8221; button_one_border_color__hover_enabled=&#8221;off&#8221; button_two_border_color__hover_enabled=&#8221;off&#8221; button_border_radius__hover_enabled=&#8221;off&#8221; button_one_border_radius__hover_enabled=&#8221;off&#8221; button_two_border_radius__hover_enabled=&#8221;off&#8221; button_letter_spacing__hover_enabled=&#8221;off&#8221; button_one_letter_spacing__hover_enabled=&#8221;off&#8221; button_two_letter_spacing__hover_enabled=&#8221;off&#8221; button_bg_color__hover_enabled=&#8221;off&#8221; button_one_bg_color__hover_enabled=&#8221;off&#8221; button_two_bg_color__hover_enabled=&#8221;off&#8221;][\/et_pb_slide][et_pb_slide heading=&#8221; B B T technika grzewcza&#8221; use_bg_overlay=&#8221;on&#8221; _builder_version=&#8221;3.17.2&#8243; header_font=&#8221;||||||||&#8221; header_font_size=&#8221;15px&#8221; header_letter_spacing=&#8221;9px&#8221; background_color=&#8221;#ffffff&#8221; background_image=&#8221;http:\/\/bbtrogalski.pl\/wp-content\/uploads\/2019\/08\/t7.jpg&#8221; background_video_width=&#8221;1920&#8243; background_video_height=&#8221;638&#8243; video_bg_width=&#8221;1920&#8243; video_bg_height=&#8221;638&#8243; button_text_size__hover_enabled=&#8221;off&#8221; button_one_text_size__hover_enabled=&#8221;off&#8221; button_two_text_size__hover_enabled=&#8221;off&#8221; button_text_color__hover_enabled=&#8221;off&#8221; button_one_text_color__hover_enabled=&#8221;off&#8221; button_two_text_color__hover_enabled=&#8221;off&#8221; button_border_width__hover_enabled=&#8221;off&#8221; button_one_border_width__hover_enabled=&#8221;off&#8221; button_two_border_width__hover_enabled=&#8221;off&#8221; button_border_color__hover_enabled=&#8221;off&#8221; button_one_border_color__hover_enabled=&#8221;off&#8221; button_two_border_color__hover_enabled=&#8221;off&#8221; button_border_radius__hover_enabled=&#8221;off&#8221; button_one_border_radius__hover_enabled=&#8221;off&#8221; button_two_border_radius__hover_enabled=&#8221;off&#8221; button_letter_spacing__hover_enabled=&#8221;off&#8221; button_one_letter_spacing__hover_enabled=&#8221;off&#8221; button_two_letter_spacing__hover_enabled=&#8221;off&#8221; button_bg_color__hover_enabled=&#8221;off&#8221; button_one_bg_color__hover_enabled=&#8221;off&#8221; button_two_bg_color__hover_enabled=&#8221;off&#8221;][\/et_pb_slide][et_pb_slide heading=&#8221; B B T technika grzewcza&#8221; use_bg_overlay=&#8221;on&#8221; _builder_version=&#8221;3.17.2&#8243; header_font=&#8221;||||||||&#8221; header_font_size=&#8221;15px&#8221; header_letter_spacing=&#8221;9px&#8221; background_color=&#8221;#ffffff&#8221; background_image=&#8221;http:\/\/bbtrogalski.pl\/wp-content\/uploads\/2019\/08\/t8.jpg&#8221; background_video_width=&#8221;1920&#8243; background_video_height=&#8221;638&#8243; video_bg_width=&#8221;1920&#8243; video_bg_height=&#8221;638&#8243; button_text_size__hover_enabled=&#8221;off&#8221; button_one_text_size__hover_enabled=&#8221;off&#8221; button_two_text_size__hover_enabled=&#8221;off&#8221; button_text_color__hover_enabled=&#8221;off&#8221; button_one_text_color__hover_enabled=&#8221;off&#8221; button_two_text_color__hover_enabled=&#8221;off&#8221; button_border_width__hover_enabled=&#8221;off&#8221; button_one_border_width__hover_enabled=&#8221;off&#8221; button_two_border_width__hover_enabled=&#8221;off&#8221; button_border_color__hover_enabled=&#8221;off&#8221; button_one_border_color__hover_enabled=&#8221;off&#8221; button_two_border_color__hover_enabled=&#8221;off&#8221; button_border_radius__hover_enabled=&#8221;off&#8221; button_one_border_radius__hover_enabled=&#8221;off&#8221; button_two_border_radius__hover_enabled=&#8221;off&#8221; button_letter_spacing__hover_enabled=&#8221;off&#8221; button_one_letter_spacing__hover_enabled=&#8221;off&#8221; button_two_letter_spacing__hover_enabled=&#8221;off&#8221; button_bg_color__hover_enabled=&#8221;off&#8221; button_one_bg_color__hover_enabled=&#8221;off&#8221; button_two_bg_color__hover_enabled=&#8221;off&#8221;][\/et_pb_slide][et_pb_slide heading=&#8221; B B T technika grzewcza&#8221; use_bg_overlay=&#8221;on&#8221; _builder_version=&#8221;3.17.2&#8243; header_font=&#8221;||||||||&#8221; header_font_size=&#8221;15px&#8221; header_letter_spacing=&#8221;9px&#8221; background_color=&#8221;#ffffff&#8221; background_image=&#8221;http:\/\/bbtrogalski.pl\/wp-content\/uploads\/2019\/08\/t9.jpg&#8221; background_video_width=&#8221;1920&#8243; background_video_height=&#8221;638&#8243; video_bg_width=&#8221;1920&#8243; video_bg_height=&#8221;638&#8243; button_text_size__hover_enabled=&#8221;off&#8221; button_one_text_size__hover_enabled=&#8221;off&#8221; button_two_text_size__hover_enabled=&#8221;off&#8221; button_text_color__hover_enabled=&#8221;off&#8221; button_one_text_color__hover_enabled=&#8221;off&#8221; button_two_text_color__hover_enabled=&#8221;off&#8221; button_border_width__hover_enabled=&#8221;off&#8221; button_one_border_width__hover_enabled=&#8221;off&#8221; button_two_border_width__hover_enabled=&#8221;off&#8221; button_border_color__hover_enabled=&#8221;off&#8221; button_one_border_color__hover_enabled=&#8221;off&#8221; button_two_border_color__hover_enabled=&#8221;off&#8221; button_border_radius__hover_enabled=&#8221;off&#8221; button_one_border_radius__hover_enabled=&#8221;off&#8221; button_two_border_radius__hover_enabled=&#8221;off&#8221; button_letter_spacing__hover_enabled=&#8221;off&#8221; button_one_letter_spacing__hover_enabled=&#8221;off&#8221; button_two_letter_spacing__hover_enabled=&#8221;off&#8221; button_bg_color__hover_enabled=&#8221;off&#8221; button_one_bg_color__hover_enabled=&#8221;off&#8221; button_two_bg_color__hover_enabled=&#8221;off&#8221;][\/et_pb_slide][\/et_pb_fullwidth_slider][\/et_pb_section][et_pb_section fb_built=&#8221;1&#8243; _builder_version=&#8221;3.0.47&#8243;][et_pb_row _builder_version=&#8221;3.17.2&#8243;][et_pb_column type=&#8221;4_4&#8243; _builder_version=&#8221;3.0.47&#8243; parallax=&#8221;off&#8221; parallax_method=&#8221;on&#8221;][et_pb_image src=&#8221;http:\/\/bbtrogalski.pl\/wp-content\/uploads\/2019\/08\/bbt_logo_www.png&#8221; align=&#8221;center&#8221; _builder_version=&#8221;3.17.2&#8243; max_width=&#8221;36%&#8221; animation_style=&#8221;zoom&#8221;][\/et_pb_image][\/et_pb_column][\/et_pb_row][et_pb_row _builder_version=&#8221;3.17.2&#8243;][et_pb_column type=&#8221;2_5&#8243; _builder_version=&#8221;3.0.47&#8243; parallax=&#8221;off&#8221; parallax_method=&#8221;on&#8221;][et_pb_image src=&#8221;http:\/\/bbtrogalski.pl\/wp-content\/uploads\/2019\/08\/czyste_powietrze.jpg&#8221; _builder_version=&#8221;3.17.2&#8243; animation_style=&#8221;fold&#8221;][\/et_pb_image][\/et_pb_column][et_pb_column type=&#8221;3_5&#8243; _builder_version=&#8221;3.0.47&#8243; parallax=&#8221;off&#8221; parallax_method=&#8221;on&#8221;][et_pb_text _builder_version=&#8221;3.17.2&#8243;]<\/p>\n<p><span><strong>Pomagamy wype\u0142ni\u0107 wniosek do programu &#8222;Czyste powietrze&#8221;<\/strong><\/span><\/p>\n<p><span><strong><\/strong><\/span><\/p>\n<p style=\"text-align: justify;\">O programie: Program Priorytetowy Czyste Powietrze to kompleksowy program, kt\u00f3rego celem jest zmniejszenie lub unikni\u0119cie emisji py\u0142\u00f3w i innych zanieczyszcze\u0144 wprowadzanych do atmosfery przez domy jednorodzinne.<br \/> Program skupia si\u0119 na wymianie starych piec\u00f3w i kot\u0142\u00f3w na paliwo sta\u0142e oraz termomodernizacji budynk\u00f3w jednorodzinnych by efektywnie zarz\u0105dza\u0107 energi\u0105.<\/p>\n<p style=\"text-align: justify;\">Dzia\u0142ania te nie tylko pomog\u0105 chroni\u0107 \u015brodowisko, ale dodatkowo zwi\u0119ksz\u0105 domowy bud\u017cet, dzi\u0119ki oszcz\u0119dno\u015bciom finansowym. Program b\u0119dzie realizowany w latach 2018-2029, a \u0142\u0105czne dzia\u0142ania w jego ramach to kwota ponad 103 mld z\u0142.<\/p>\n<p style=\"text-align: justify;\">Program Priorytetowy Czyste Powietrze to mo\u017cliwo\u015b\u0107 uzyskania wsparcia finansowego w formie dotacji i\/lub po\u017cyczki przez osoby fizyczne, w\u0142a\u015bcicieli dom\u00f3w jednorodzinnych na ocieplenie domu, wymian\u0119 okien czy na wymian\u0119 starego kot\u0142a grzewczego.<\/p>\n<p style=\"text-align: justify;\">Wysoko\u015b\u0107 dofinansowania waha\u0107 si\u0119 b\u0119dzie od 14 do 90 proc. dotacji koszt\u00f3w kwalifikowanych inwestycji, w zale\u017cno\u015bci od dochodu na osob\u0119 w gospodarstwie domowym.<\/p>\n<p style=\"text-align: justify;\">Wi\u0119cej informacji dotycz\u0105cych programu na stronie internetowej Wojew\u00f3dzkiego Funduszu Ochrony \u015arodowiska i Gospodarki Wodnej w Olsztynie: www.wfosigw.olsztyn.pl<\/p>\n<p>[\/et_pb_text][\/et_pb_column][\/et_pb_row][\/et_pb_section][et_pb_section fb_built=&#8221;1&#8243; _builder_version=&#8221;3.0.74&#8243; background_color=&#8221;#27c9b8&#8243; custom_padding=&#8221;5px|0px|3px|0px|false|false&#8221;][et_pb_row _builder_version=&#8221;3.17.2&#8243;][et_pb_column type=&#8221;4_4&#8243; _builder_version=&#8221;3.0.47&#8243; parallax=&#8221;off&#8221; parallax_method=&#8221;on&#8221;][et_pb_text _builder_version=&#8221;3.17.2&#8243; text_font=&#8221;||||||||&#8221; text_orientation=&#8221;center&#8221;]<strong>NASZE ODDZIA\u0141Y<\/strong><br \/>\n[\/et_pb_text][\/et_pb_column][\/et_pb_row][\/et_pb_section][et_pb_section fb_built=&#8221;1&#8243; _builder_version=&#8221;3.17.2&#8243; custom_padding=&#8221;0|0px|16px|0px|false|false&#8221; global_module=&#8221;119&#8243;][et_pb_row _builder_version=&#8221;3.17.2&#8243;][et_pb_column type=&#8221;1_3&#8243; _builder_version=&#8221;3.0.47&#8243; parallax=&#8221;off&#8221; parallax_method=&#8221;on&#8221;][et_pb_text _builder_version=&#8221;3.17.2&#8243;]<\/p>\n<p style=\"text-align: center;\"><strong><a href=\"http:\/\/bbtrogalski.pl\/wp-content\/uploads\/2019\/08\/gps.png\"><img loading=\"lazy\" decoding=\"async\" class=\"alignnone size-full wp-image-133\" src=\"http:\/\/bbtrogalski.pl\/wp-content\/uploads\/2019\/08\/gps.png\" alt=\"\" width=\"15\" height=\"23\" \/><\/a>SALON D\u0179WIERZUTY<\/strong><br \/>ul. Micha\u0142a Kajki 2<br \/>12-120 D\u017awierzuty<br \/>tel. +48 509 921 813<br \/>tel. +48 533 444 803<\/p>\n<p>[\/et_pb_text][\/et_pb_column][et_pb_column type=&#8221;1_3&#8243; _builder_version=&#8221;3.0.47&#8243; parallax=&#8221;off&#8221; parallax_method=&#8221;on&#8221;][et_pb_text _builder_version=&#8221;3.17.2&#8243;]<\/p>\n<p style=\"text-align: center;\"><strong><a href=\"http:\/\/bbtrogalski.pl\/wp-content\/uploads\/2019\/08\/gps.png\"><img loading=\"lazy\" decoding=\"async\" class=\"alignnone size-full wp-image-133\" src=\"http:\/\/bbtrogalski.pl\/wp-content\/uploads\/2019\/08\/gps.png\" alt=\"\" width=\"15\" height=\"23\" \/><\/a>SALON BARTYCKA<\/strong><br \/>ul. Bartycka 26, Pawilon 24a<br \/>00-716 Warszawa<br \/>tel. +48 511 795 797<br \/>tel. +48 22 428 35 66<\/p>\n<p>[\/et_pb_text][\/et_pb_column][et_pb_column type=&#8221;1_3&#8243; _builder_version=&#8221;3.0.47&#8243; parallax=&#8221;off&#8221; parallax_method=&#8221;on&#8221;][et_pb_text _builder_version=&#8221;3.17.2&#8243;]<\/p>\n<p style=\"text-align: center;\"><strong><a href=\"http:\/\/bbtrogalski.pl\/wp-content\/uploads\/2019\/08\/gps.png\"><img loading=\"lazy\" decoding=\"async\" class=\"alignnone size-full wp-image-133\" src=\"http:\/\/bbtrogalski.pl\/wp-content\/uploads\/2019\/08\/gps.png\" alt=\"\" width=\"15\" height=\"23\" \/><\/a>SALON BIA\u0141O\u0141\u0118KA<\/strong><br \/>ul. P\u0142ochoci\u0144ska 35<br \/>03-044 Warszawa<br \/>tel.+48 575 47 97 97<\/p>\n<p>[\/et_pb_text][\/et_pb_column][\/et_pb_row][\/et_pb_section]<\/p>\n","protected":false},"excerpt":{"rendered":"<p>Pomagamy wype\u0142ni\u0107 wniosek do programu &#8222;Czyste powietrze&#8221; O programie: Program Priorytetowy Czyste Powietrze to kompleksowy program, kt\u00f3rego celem jest zmniejszenie lub unikni\u0119cie emisji py\u0142\u00f3w i innych zanieczyszcze\u0144 wprowadzanych do atmosfery przez domy jednorodzinne. Program skupia si\u0119 na wymianie starych piec\u00f3w i kot\u0142\u00f3w na paliwo sta\u0142e oraz termomodernizacji budynk\u00f3w jednorodzinnych by efektywnie zarz\u0105dza\u0107 energi\u0105. Dzia\u0142ania te [&hellip;]<\/p>\n","protected":false},"author":1,"featured_media":0,"parent":0,"menu_order":0,"comment_status":"closed","ping_status":"closed","template":"","meta":{"_et_pb_use_builder":"on","_et_pb_old_content":"","_et_gb_content_width":"","footnotes":""},"class_list":["post-146","page","type-page","status-publish","hentry"],"_links":{"self":[{"href":"https:\/\/bbtrogalski.pl\/index.php?rest_route=\/wp\/v2\/pages\/146","targetHints":{"allow":["GET"]}}],"collection":[{"href":"https:\/\/bbtrogalski.pl\/index.php?rest_route=\/wp\/v2\/pages"}],"about":[{"href":"https:\/\/bbtrogalski.pl\/index.php?rest_route=\/wp\/v2\/types\/page"}],"author":[{"embeddable":true,"href":"https:\/\/bbtrogalski.pl\/index.php?rest_route=\/wp\/v2\/users\/1"}],"replies":[{"embeddable":true,"href":"https:\/\/bbtrogalski.pl\/index.php?rest_route=%2Fwp%2Fv2%2Fcomments&post=146"}],"version-history":[{"count":6,"href":"https:\/\/bbtrogalski.pl\/index.php?rest_route=\/wp\/v2\/pages\/146\/revisions"}],"predecessor-version":[{"id":163,"href":"https:\/\/bbtrogalski.pl\/index.php?rest_route=\/wp\/v2\/pages\/146\/revisions\/163"}],"wp:attachment":[{"href":"https:\/\/bbtrogalski.pl\/index.php?rest_route=%2Fwp%2Fv2%2Fmedia&parent=146"}],"curies":[{"name":"wp","href":"https:\/\/api.w.org\/{rel}","templated":true}]}}