{"id":183,"date":"2019-08-08T08:58:45","date_gmt":"2019-08-08T08:58:45","guid":{"rendered":"http:\/\/bbtrogalski.pl\/?page_id=183"},"modified":"2021-02-17T08:01:27","modified_gmt":"2021-02-17T08:01:27","slug":"pompy-ciepla","status":"publish","type":"page","link":"https:\/\/bbtrogalski.pl\/?page_id=183","title":{"rendered":"Pompy ciep\u0142a"},"content":{"rendered":"<p>[et_pb_section fb_built=&#8221;1&#8243; fullwidth=&#8221;on&#8221; _builder_version=&#8221;3.17.2&#8243; animation_style=&#8221;flip&#8221;][et_pb_fullwidth_slider admin_label=&#8221;Fullwidth Slider&#8221; _builder_version=&#8221;3.17.2&#8243; header_font=&#8221;||||||||&#8221; parallax=&#8221;on&#8221; box_shadow_style=&#8221;preset6&#8243; box_shadow_blur=&#8221;10px&#8221; box_shadow_color=&#8221;rgba(0,0,0,0.1)&#8221; custom_padding=&#8221;|||&#8221; custom_padding_tablet=&#8221;|||&#8221; custom_padding_phone=&#8221;|||&#8221; show_inner_shadow=&#8221;on&#8221; button_text_size__hover_enabled=&#8221;off&#8221; button_one_text_size__hover_enabled=&#8221;off&#8221; button_two_text_size__hover_enabled=&#8221;off&#8221; button_text_color__hover_enabled=&#8221;off&#8221; button_one_text_color__hover_enabled=&#8221;off&#8221; button_two_text_color__hover_enabled=&#8221;off&#8221; button_border_width__hover_enabled=&#8221;off&#8221; button_one_border_width__hover_enabled=&#8221;off&#8221; button_two_border_width__hover_enabled=&#8221;off&#8221; button_border_color__hover_enabled=&#8221;off&#8221; button_one_border_color__hover_enabled=&#8221;off&#8221; button_two_border_color__hover_enabled=&#8221;off&#8221; button_border_radius__hover_enabled=&#8221;off&#8221; button_one_border_radius__hover_enabled=&#8221;off&#8221; button_two_border_radius__hover_enabled=&#8221;off&#8221; button_letter_spacing__hover_enabled=&#8221;off&#8221; button_one_letter_spacing__hover_enabled=&#8221;off&#8221; button_two_letter_spacing__hover_enabled=&#8221;off&#8221; button_bg_color__hover_enabled=&#8221;off&#8221; button_one_bg_color__hover_enabled=&#8221;off&#8221; button_two_bg_color__hover_enabled=&#8221;off&#8221;][et_pb_slide heading=&#8221; B B T technika grzewcza&#8221; use_bg_overlay=&#8221;on&#8221; _builder_version=&#8221;3.17.2&#8243; header_font=&#8221;||||||||&#8221; header_font_size=&#8221;15px&#8221; header_letter_spacing=&#8221;9px&#8221; background_color=&#8221;#ffffff&#8221; background_image=&#8221;http:\/\/bbtrogalski.pl\/wp-content\/uploads\/2019\/08\/t7.jpg&#8221; background_video_width=&#8221;1920&#8243; background_video_height=&#8221;638&#8243; video_bg_width=&#8221;1920&#8243; video_bg_height=&#8221;638&#8243; button_text_size__hover_enabled=&#8221;off&#8221; button_one_text_size__hover_enabled=&#8221;off&#8221; button_two_text_size__hover_enabled=&#8221;off&#8221; button_text_color__hover_enabled=&#8221;off&#8221; button_one_text_color__hover_enabled=&#8221;off&#8221; button_two_text_color__hover_enabled=&#8221;off&#8221; button_border_width__hover_enabled=&#8221;off&#8221; button_one_border_width__hover_enabled=&#8221;off&#8221; button_two_border_width__hover_enabled=&#8221;off&#8221; button_border_color__hover_enabled=&#8221;off&#8221; button_one_border_color__hover_enabled=&#8221;off&#8221; button_two_border_color__hover_enabled=&#8221;off&#8221; button_border_radius__hover_enabled=&#8221;off&#8221; button_one_border_radius__hover_enabled=&#8221;off&#8221; button_two_border_radius__hover_enabled=&#8221;off&#8221; button_letter_spacing__hover_enabled=&#8221;off&#8221; button_one_letter_spacing__hover_enabled=&#8221;off&#8221; button_two_letter_spacing__hover_enabled=&#8221;off&#8221; button_bg_color__hover_enabled=&#8221;off&#8221; button_one_bg_color__hover_enabled=&#8221;off&#8221; button_two_bg_color__hover_enabled=&#8221;off&#8221;] [\/et_pb_slide][et_pb_slide heading=&#8221; B B T technika grzewcza&#8221; use_bg_overlay=&#8221;on&#8221; _builder_version=&#8221;3.17.2&#8243; header_font=&#8221;||||||||&#8221; header_font_size=&#8221;15px&#8221; header_letter_spacing=&#8221;9px&#8221; background_color=&#8221;#ffffff&#8221; background_image=&#8221;http:\/\/bbtrogalski.pl\/wp-content\/uploads\/2019\/08\/t9.jpg&#8221; background_video_width=&#8221;1920&#8243; background_video_height=&#8221;638&#8243; video_bg_width=&#8221;1920&#8243; video_bg_height=&#8221;638&#8243; button_text_size__hover_enabled=&#8221;off&#8221; button_one_text_size__hover_enabled=&#8221;off&#8221; button_two_text_size__hover_enabled=&#8221;off&#8221; button_text_color__hover_enabled=&#8221;off&#8221; button_one_text_color__hover_enabled=&#8221;off&#8221; button_two_text_color__hover_enabled=&#8221;off&#8221; button_border_width__hover_enabled=&#8221;off&#8221; button_one_border_width__hover_enabled=&#8221;off&#8221; button_two_border_width__hover_enabled=&#8221;off&#8221; button_border_color__hover_enabled=&#8221;off&#8221; button_one_border_color__hover_enabled=&#8221;off&#8221; button_two_border_color__hover_enabled=&#8221;off&#8221; button_border_radius__hover_enabled=&#8221;off&#8221; button_one_border_radius__hover_enabled=&#8221;off&#8221; button_two_border_radius__hover_enabled=&#8221;off&#8221; button_letter_spacing__hover_enabled=&#8221;off&#8221; button_one_letter_spacing__hover_enabled=&#8221;off&#8221; button_two_letter_spacing__hover_enabled=&#8221;off&#8221; button_bg_color__hover_enabled=&#8221;off&#8221; button_one_bg_color__hover_enabled=&#8221;off&#8221; button_two_bg_color__hover_enabled=&#8221;off&#8221;] [\/et_pb_slide][et_pb_slide heading=&#8221; B B T technika grzewcza&#8221; use_bg_overlay=&#8221;on&#8221; _builder_version=&#8221;3.17.2&#8243; header_font=&#8221;||||||||&#8221; header_font_size=&#8221;15px&#8221; header_letter_spacing=&#8221;9px&#8221; background_color=&#8221;#ffffff&#8221; background_image=&#8221;http:\/\/bbtrogalski.pl\/wp-content\/uploads\/2019\/08\/T1.jpg&#8221; background_video_width=&#8221;1920&#8243; background_video_height=&#8221;638&#8243; video_bg_width=&#8221;1920&#8243; video_bg_height=&#8221;638&#8243; button_text_size__hover_enabled=&#8221;off&#8221; button_one_text_size__hover_enabled=&#8221;off&#8221; button_two_text_size__hover_enabled=&#8221;off&#8221; button_text_color__hover_enabled=&#8221;off&#8221; button_one_text_color__hover_enabled=&#8221;off&#8221; button_two_text_color__hover_enabled=&#8221;off&#8221; button_border_width__hover_enabled=&#8221;off&#8221; button_one_border_width__hover_enabled=&#8221;off&#8221; button_two_border_width__hover_enabled=&#8221;off&#8221; button_border_color__hover_enabled=&#8221;off&#8221; button_one_border_color__hover_enabled=&#8221;off&#8221; button_two_border_color__hover_enabled=&#8221;off&#8221; button_border_radius__hover_enabled=&#8221;off&#8221; button_one_border_radius__hover_enabled=&#8221;off&#8221; button_two_border_radius__hover_enabled=&#8221;off&#8221; button_letter_spacing__hover_enabled=&#8221;off&#8221; button_one_letter_spacing__hover_enabled=&#8221;off&#8221; button_two_letter_spacing__hover_enabled=&#8221;off&#8221; button_bg_color__hover_enabled=&#8221;off&#8221; button_one_bg_color__hover_enabled=&#8221;off&#8221; button_two_bg_color__hover_enabled=&#8221;off&#8221;] [\/et_pb_slide][et_pb_slide heading=&#8221; B B T technika grzewcza&#8221; use_bg_overlay=&#8221;on&#8221; _builder_version=&#8221;3.17.2&#8243; header_font=&#8221;||||||||&#8221; header_font_size=&#8221;15px&#8221; header_letter_spacing=&#8221;9px&#8221; background_color=&#8221;#ffffff&#8221; background_image=&#8221;http:\/\/bbtrogalski.pl\/wp-content\/uploads\/2019\/08\/t8.jpg&#8221; background_video_width=&#8221;1920&#8243; background_video_height=&#8221;638&#8243; video_bg_width=&#8221;1920&#8243; video_bg_height=&#8221;638&#8243; button_text_size__hover_enabled=&#8221;off&#8221; button_one_text_size__hover_enabled=&#8221;off&#8221; button_two_text_size__hover_enabled=&#8221;off&#8221; button_text_color__hover_enabled=&#8221;off&#8221; button_one_text_color__hover_enabled=&#8221;off&#8221; button_two_text_color__hover_enabled=&#8221;off&#8221; button_border_width__hover_enabled=&#8221;off&#8221; button_one_border_width__hover_enabled=&#8221;off&#8221; button_two_border_width__hover_enabled=&#8221;off&#8221; button_border_color__hover_enabled=&#8221;off&#8221; button_one_border_color__hover_enabled=&#8221;off&#8221; button_two_border_color__hover_enabled=&#8221;off&#8221; button_border_radius__hover_enabled=&#8221;off&#8221; button_one_border_radius__hover_enabled=&#8221;off&#8221; button_two_border_radius__hover_enabled=&#8221;off&#8221; button_letter_spacing__hover_enabled=&#8221;off&#8221; button_one_letter_spacing__hover_enabled=&#8221;off&#8221; button_two_letter_spacing__hover_enabled=&#8221;off&#8221; button_bg_color__hover_enabled=&#8221;off&#8221; button_one_bg_color__hover_enabled=&#8221;off&#8221; button_two_bg_color__hover_enabled=&#8221;off&#8221;] [\/et_pb_slide][\/et_pb_fullwidth_slider][\/et_pb_section][et_pb_section fb_built=&#8221;1&#8243; _builder_version=&#8221;3.0.47&#8243; custom_padding=&#8221;54px|0px|23px|0px|false|false&#8221;][et_pb_row _builder_version=&#8221;3.17.2&#8243;][et_pb_column type=&#8221;4_4&#8243; _builder_version=&#8221;3.0.47&#8243; parallax=&#8221;off&#8221; parallax_method=&#8221;on&#8221;][et_pb_image src=&#8221;http:\/\/bbtrogalski.pl\/wp-content\/uploads\/2019\/08\/bbt_logo_www.png&#8221; align=&#8221;center&#8221; _builder_version=&#8221;3.17.2&#8243; max_width=&#8221;36%&#8221; animation_style=&#8221;zoom&#8221;][\/et_pb_image][\/et_pb_column][\/et_pb_row][\/et_pb_section][et_pb_section fb_built=&#8221;1&#8243; _builder_version=&#8221;3.17.2&#8243; custom_padding=&#8221;15px|0px|13px|0px|false|false&#8221;][et_pb_row _builder_version=&#8221;3.17.2&#8243; custom_padding=&#8221;27px|0px|46px|0px|false|false&#8221;][et_pb_column type=&#8221;4_4&#8243; _builder_version=&#8221;3.0.47&#8243; parallax=&#8221;off&#8221; parallax_method=&#8221;on&#8221;][et_pb_text _builder_version=&#8221;3.17.2&#8243; text_font=&#8221;||||||||&#8221; text_letter_spacing=&#8221;14px&#8221; header_font=&#8221;||||||||&#8221; header_font_size=&#8221;39px&#8221; text_orientation=&#8221;center&#8221; border_width_bottom=&#8221;2px&#8221;]<strong>NASZE REALIZCJE<\/strong><br \/>\n[\/et_pb_text][\/et_pb_column][\/et_pb_row][et_pb_row _builder_version=&#8221;3.17.2&#8243;][et_pb_column type=&#8221;4_4&#8243; _builder_version=&#8221;3.17.2&#8243; parallax=&#8221;off&#8221; parallax_method=&#8221;on&#8221;][et_pb_text _builder_version=&#8221;3.17.2&#8243;]<\/p>\n<h3 style=\"text-align: center;\"><strong>P O M P Y\u00a0 C I E P \u0141 A<\/strong><\/h3>\n<p>[\/et_pb_text][\/et_pb_column][\/et_pb_row][\/et_pb_section][et_pb_section fb_built=&#8221;1&#8243; _builder_version=&#8221;3.17.2&#8243; custom_padding=&#8221;33px|0px|54px|0px|false|false&#8221;][et_pb_row _builder_version=&#8221;3.17.2&#8243;][et_pb_column type=&#8221;1_4&#8243; _builder_version=&#8221;3.17.2&#8243; parallax=&#8221;off&#8221; parallax_method=&#8221;on&#8221;][et_pb_accordion animation_style=&#8221;fold&#8221; _builder_version=&#8221;3.17.2&#8243;][et_pb_accordion_item box_shadow_style=&#8221;preset1&#8243; _builder_version=&#8221;3.17.2&#8243; open=&#8221;on&#8221; border_width_all=&#8221;2px&#8221; border_color_all=&#8221;#0c71c3&#8243;]<\/p>\n<p style=\"text-align: center;\"><span><strong><a href=\"http:\/\/bbtrogalski.pl\/wp-content\/uploads\/2021\/02\/8.jpg\"><img loading=\"lazy\" decoding=\"async\" src=\"http:\/\/bbtrogalski.pl\/wp-content\/uploads\/2021\/02\/8-225x300.jpg\" width=\"225\" height=\"300\" alt=\"\" class=\"wp-image-302 alignnone size-medium\" srcset=\"https:\/\/bbtrogalski.pl\/wp-content\/uploads\/2021\/02\/8-225x300.jpg 225w, https:\/\/bbtrogalski.pl\/wp-content\/uploads\/2021\/02\/8.jpg 600w\" sizes=\"auto, (max-width: 225px) 100vw, 225px\" \/><\/a><\/strong><\/span><\/p>\n<p style=\"text-align: center;\"><span><strong>POMPA CIEP\u0141A BOSCH MONOBLOK 7,7 KW<\/strong><\/span><\/p>\n<p style=\"text-align: center;\"><span><strong><\/strong><\/span><\/p>\n<p>[\/et_pb_accordion_item][\/et_pb_accordion][\/et_pb_column][et_pb_column type=&#8221;1_4&#8243; _builder_version=&#8221;3.17.2&#8243; parallax=&#8221;off&#8221; parallax_method=&#8221;on&#8221;][et_pb_accordion animation_style=&#8221;fold&#8221; _builder_version=&#8221;3.17.2&#8243;][et_pb_accordion_item box_shadow_style=&#8221;preset1&#8243; _builder_version=&#8221;3.17.2&#8243; open=&#8221;on&#8221; border_width_all=&#8221;2px&#8221; border_color_all=&#8221;#0c71c3&#8243;]<\/p>\n<p style=\"text-align: center;\"><span><strong><a href=\"http:\/\/bbtrogalski.pl\/wp-content\/uploads\/2021\/02\/8.jpg\"><\/a><a href=\"http:\/\/bbtrogalski.pl\/wp-content\/uploads\/2021\/02\/9.jpg\"><img loading=\"lazy\" decoding=\"async\" src=\"http:\/\/bbtrogalski.pl\/wp-content\/uploads\/2021\/02\/9-225x300.jpg\" width=\"225\" height=\"300\" alt=\"\" class=\"wp-image-303 alignnone size-medium\" srcset=\"https:\/\/bbtrogalski.pl\/wp-content\/uploads\/2021\/02\/9-225x300.jpg 225w, https:\/\/bbtrogalski.pl\/wp-content\/uploads\/2021\/02\/9.jpg 480w\" sizes=\"auto, (max-width: 225px) 100vw, 225px\" \/><\/a><a href=\"http:\/\/bbtrogalski.pl\/wp-content\/uploads\/2021\/02\/8.jpg\"><\/a><\/strong><\/span><\/p>\n<p style=\"text-align: center;\"><span><strong>POMPA CIEP\u0141A BOSCH MONOBLOK 7,7 KW<\/strong><\/span><\/p>\n<p style=\"text-align: center;\"><span><strong><\/strong><\/span><\/p>\n<p>[\/et_pb_accordion_item][\/et_pb_accordion][\/et_pb_column][et_pb_column type=&#8221;1_4&#8243; _builder_version=&#8221;3.17.2&#8243; parallax=&#8221;off&#8221; parallax_method=&#8221;on&#8221;][et_pb_accordion animation_style=&#8221;fold&#8221; _builder_version=&#8221;3.17.2&#8243;][et_pb_accordion_item box_shadow_style=&#8221;preset1&#8243; _builder_version=&#8221;3.17.2&#8243; open=&#8221;on&#8221; border_width_all=&#8221;2px&#8221; border_color_all=&#8221;#0c71c3&#8243;]<\/p>\n<p style=\"text-align: center;\"><a href=\"http:\/\/bbtrogalski.pl\/wp-content\/uploads\/2021\/02\/10.jpg\"><img loading=\"lazy\" decoding=\"async\" src=\"http:\/\/bbtrogalski.pl\/wp-content\/uploads\/2021\/02\/10-225x300.jpg\" width=\"225\" height=\"300\" alt=\"\" class=\"wp-image-304 alignnone size-medium\" srcset=\"https:\/\/bbtrogalski.pl\/wp-content\/uploads\/2021\/02\/10-225x300.jpg 225w, https:\/\/bbtrogalski.pl\/wp-content\/uploads\/2021\/02\/10.jpg 480w\" sizes=\"auto, (max-width: 225px) 100vw, 225px\" \/><\/a><\/p>\n<p style=\"text-align: center;\"><strong>POMPA CIEP\u0141A BOSCH COMPRESS MONOBLOK 10,5 KW<\/strong><\/p>\n<p>[\/et_pb_accordion_item][\/et_pb_accordion][\/et_pb_column][et_pb_column type=&#8221;1_4&#8243; _builder_version=&#8221;3.17.2&#8243; parallax=&#8221;off&#8221; parallax_method=&#8221;on&#8221;][et_pb_accordion animation_style=&#8221;fold&#8221; _builder_version=&#8221;3.17.2&#8243;][et_pb_accordion_item box_shadow_style=&#8221;preset1&#8243; _builder_version=&#8221;3.17.2&#8243; open=&#8221;on&#8221; border_width_all=&#8221;2px&#8221; border_color_all=&#8221;#0c71c3&#8243;]<\/p>\n<p style=\"text-align: center;\"><a href=\"http:\/\/bbtrogalski.pl\/wp-content\/uploads\/2021\/02\/10.jpg\"><\/a><a href=\"http:\/\/bbtrogalski.pl\/wp-content\/uploads\/2021\/02\/11.jpg\"><img loading=\"lazy\" decoding=\"async\" src=\"http:\/\/bbtrogalski.pl\/wp-content\/uploads\/2021\/02\/11-225x300.jpg\" width=\"225\" height=\"300\" alt=\"\" class=\"wp-image-305 alignnone size-medium\" srcset=\"https:\/\/bbtrogalski.pl\/wp-content\/uploads\/2021\/02\/11-225x300.jpg 225w, https:\/\/bbtrogalski.pl\/wp-content\/uploads\/2021\/02\/11.jpg 480w\" sizes=\"auto, (max-width: 225px) 100vw, 225px\" \/><\/a><a href=\"http:\/\/bbtrogalski.pl\/wp-content\/uploads\/2021\/02\/10.jpg\"><\/a><\/p>\n<p style=\"text-align: center;\"><strong>POMPA CIEP\u0141A BOSCH COMPRESS MONOBLOK 10,5 KW<\/strong><\/p>\n<p>[\/et_pb_accordion_item][\/et_pb_accordion][\/et_pb_column][\/et_pb_row][et_pb_row _builder_version=&#8221;3.17.2&#8243;][et_pb_column type=&#8221;1_4&#8243; _builder_version=&#8221;3.17.2&#8243; parallax=&#8221;off&#8221; parallax_method=&#8221;on&#8221;][et_pb_accordion animation_style=&#8221;fold&#8221; _builder_version=&#8221;3.17.2&#8243;][et_pb_accordion_item box_shadow_style=&#8221;preset1&#8243; _builder_version=&#8221;3.17.2&#8243; open=&#8221;on&#8221; border_width_all=&#8221;2px&#8221; border_color_all=&#8221;#0c71c3&#8243;]<\/p>\n<p style=\"text-align: center;\"><span><strong><a href=\"http:\/\/bbtrogalski.pl\/wp-content\/uploads\/2021\/02\/8.jpg\"><\/a><a href=\"http:\/\/bbtrogalski.pl\/wp-content\/uploads\/2021\/02\/12.jpg\"><img loading=\"lazy\" decoding=\"async\" src=\"http:\/\/bbtrogalski.pl\/wp-content\/uploads\/2021\/02\/12-225x300.jpg\" width=\"225\" height=\"300\" alt=\"\" class=\"wp-image-306 alignnone size-medium\" srcset=\"https:\/\/bbtrogalski.pl\/wp-content\/uploads\/2021\/02\/12-225x300.jpg 225w, https:\/\/bbtrogalski.pl\/wp-content\/uploads\/2021\/02\/12.jpg 480w\" sizes=\"auto, (max-width: 225px) 100vw, 225px\" \/><\/a><a href=\"http:\/\/bbtrogalski.pl\/wp-content\/uploads\/2021\/02\/8.jpg\"><\/a><\/strong><\/span><\/p>\n<p style=\"text-align: center;\"><span><strong>POMPA CIEP\u0141A BOSCH MONOBLOK 7,7 KW<\/strong><\/span><\/p>\n<p style=\"text-align: center;\"><span><strong><\/strong><\/span><\/p>\n<p>[\/et_pb_accordion_item][\/et_pb_accordion][\/et_pb_column][et_pb_column type=&#8221;1_4&#8243; _builder_version=&#8221;3.17.2&#8243; parallax=&#8221;off&#8221; parallax_method=&#8221;on&#8221;][et_pb_accordion animation_style=&#8221;fold&#8221; _builder_version=&#8221;3.17.2&#8243;][et_pb_accordion_item box_shadow_style=&#8221;preset1&#8243; _builder_version=&#8221;3.17.2&#8243; open=&#8221;on&#8221; border_width_all=&#8221;2px&#8221; border_color_all=&#8221;#0c71c3&#8243;]<\/p>\n<p style=\"text-align: center;\"><span><strong><a href=\"http:\/\/bbtrogalski.pl\/wp-content\/uploads\/2021\/02\/8.jpg\"><\/a><a href=\"http:\/\/bbtrogalski.pl\/wp-content\/uploads\/2021\/02\/9.jpg\"><\/a><a href=\"http:\/\/bbtrogalski.pl\/wp-content\/uploads\/2021\/02\/13.jpg\"><img loading=\"lazy\" decoding=\"async\" src=\"http:\/\/bbtrogalski.pl\/wp-content\/uploads\/2021\/02\/13-225x300.jpg\" width=\"225\" height=\"300\" alt=\"\" class=\"wp-image-307 alignnone size-medium\" srcset=\"https:\/\/bbtrogalski.pl\/wp-content\/uploads\/2021\/02\/13-225x300.jpg 225w, https:\/\/bbtrogalski.pl\/wp-content\/uploads\/2021\/02\/13.jpg 480w\" sizes=\"auto, (max-width: 225px) 100vw, 225px\" \/><\/a><a href=\"http:\/\/bbtrogalski.pl\/wp-content\/uploads\/2021\/02\/9.jpg\"><\/a><a href=\"http:\/\/bbtrogalski.pl\/wp-content\/uploads\/2021\/02\/8.jpg\"><\/a><\/strong><\/span><\/p>\n<p style=\"text-align: center;\"><span><strong>POMPA CIEP\u0141A BOSCH MONOBLOK 7,7 KW<\/strong><\/span><\/p>\n<p style=\"text-align: center;\"><span><strong><\/strong><\/span><\/p>\n<p>[\/et_pb_accordion_item][\/et_pb_accordion][\/et_pb_column][et_pb_column type=&#8221;1_4&#8243; _builder_version=&#8221;3.17.2&#8243; parallax=&#8221;off&#8221; parallax_method=&#8221;on&#8221;][\/et_pb_column][et_pb_column type=&#8221;1_4&#8243; _builder_version=&#8221;3.17.2&#8243; parallax=&#8221;off&#8221; parallax_method=&#8221;on&#8221;][\/et_pb_column][\/et_pb_row][\/et_pb_section][et_pb_section fb_built=&#8221;1&#8243; _builder_version=&#8221;3.17.2&#8243; background_color=&#8221;#0d2c5b&#8221;][et_pb_row _builder_version=&#8221;3.0.48&#8243; background_size=&#8221;initial&#8221; background_position=&#8221;top_left&#8221; background_repeat=&#8221;repeat&#8221;][et_pb_column type=&#8221;4_4&#8243; _builder_version=&#8221;3.0.47&#8243; parallax=&#8221;off&#8221; parallax_method=&#8221;on&#8221;][et_pb_gallery gallery_ids=&#8221;187,188,189&#8243; show_title_and_caption=&#8221;off&#8221; _builder_version=&#8221;3.17.2&#8243;][\/et_pb_gallery][\/et_pb_column][\/et_pb_row][\/et_pb_section]<\/p>\n","protected":false},"excerpt":{"rendered":"<p>NASZE REALIZCJE P O M P Y\u00a0 C I E P \u0141 A POMPA CIEP\u0141A BOSCH MONOBLOK 7,7 KW POMPA CIEP\u0141A BOSCH MONOBLOK 7,7 KW POMPA CIEP\u0141A BOSCH COMPRESS MONOBLOK 10,5 KW POMPA CIEP\u0141A BOSCH COMPRESS MONOBLOK 10,5 KW POMPA CIEP\u0141A BOSCH MONOBLOK 7,7 KW POMPA CIEP\u0141A BOSCH MONOBLOK 7,7 KW<\/p>\n","protected":false},"author":1,"featured_media":0,"parent":0,"menu_order":0,"comment_status":"closed","ping_status":"closed","template":"","meta":{"_et_pb_use_builder":"on","_et_pb_old_content":"","_et_gb_content_width":"","footnotes":""},"class_list":["post-183","page","type-page","status-publish","hentry"],"_links":{"self":[{"href":"https:\/\/bbtrogalski.pl\/index.php?rest_route=\/wp\/v2\/pages\/183","targetHints":{"allow":["GET"]}}],"collection":[{"href":"https:\/\/bbtrogalski.pl\/index.php?rest_route=\/wp\/v2\/pages"}],"about":[{"href":"https:\/\/bbtrogalski.pl\/index.php?rest_route=\/wp\/v2\/types\/page"}],"author":[{"embeddable":true,"href":"https:\/\/bbtrogalski.pl\/index.php?rest_route=\/wp\/v2\/users\/1"}],"replies":[{"embeddable":true,"href":"https:\/\/bbtrogalski.pl\/index.php?rest_route=%2Fwp%2Fv2%2Fcomments&post=183"}],"version-history":[{"count":3,"href":"https:\/\/bbtrogalski.pl\/index.php?rest_route=\/wp\/v2\/pages\/183\/revisions"}],"predecessor-version":[{"id":308,"href":"https:\/\/bbtrogalski.pl\/index.php?rest_route=\/wp\/v2\/pages\/183\/revisions\/308"}],"wp:attachment":[{"href":"https:\/\/bbtrogalski.pl\/index.php?rest_route=%2Fwp%2Fv2%2Fmedia&parent=183"}],"curies":[{"name":"wp","href":"https:\/\/api.w.org\/{rel}","templated":true}]}}